{"id":150,"date":"2021-05-11T05:33:17","date_gmt":"2021-05-11T05:33:17","guid":{"rendered":"https:\/\/www.lahner-alm.com\/contact\/"},"modified":"2021-08-25T22:29:26","modified_gmt":"2021-08-25T20:29:26","slug":"impressum","status":"publish","type":"page","link":"https:\/\/www.lahner-alm.com\/it\/impressum\/","title":{"rendered":"Impressum"},"content":{"rendered":"<div data-elementor-type=\"wp-page\" data-elementor-id=\"150\" class=\"elementor elementor-150\">\n\t\t\t\t\t\t<section class=\"elementor-section elementor-top-section elementor-element elementor-element-094af3c elementor-section-full_width elementor-section-height-default elementor-section-height-default\" data-id=\"094af3c\" data-element_type=\"section\" data-settings=\"{&quot;background_background&quot;:&quot;classic&quot;}\">\n\t\t\t\t\t\t\t<div class=\"elementor-background-overlay\"><\/div>\n\t\t\t\t\t\t\t<div class=\"elementor-container elementor-column-gap-default\">\n\t\t\t\t\t<div class=\"elementor-column elementor-col-100 elementor-top-column elementor-element elementor-element-6b046d6\" data-id=\"6b046d6\" data-element_type=\"column\">\n\t\t\t<div class=\"elementor-widget-wrap elementor-element-populated\">\n\t\t\t\t\t\t<div class=\"elementor-element elementor-element-8da095d elementor-widget elementor-widget-heading\" data-id=\"8da095d\" data-element_type=\"widget\" data-widget_type=\"heading.default\">\n\t\t\t\t<div class=\"elementor-widget-container\">\n\t\t\t<style>\/*! elementor - v3.19.0 - 28-02-2024 *\/\n.elementor-heading-title{padding:0;margin:0;line-height:1}.elementor-widget-heading .elementor-heading-title[class*=elementor-size-]>a{color:inherit;font-size:inherit;line-height:inherit}.elementor-widget-heading .elementor-heading-title.elementor-size-small{font-size:15px}.elementor-widget-heading .elementor-heading-title.elementor-size-medium{font-size:19px}.elementor-widget-heading .elementor-heading-title.elementor-size-large{font-size:29px}.elementor-widget-heading .elementor-heading-title.elementor-size-xl{font-size:39px}.elementor-widget-heading .elementor-heading-title.elementor-size-xxl{font-size:59px}<\/style><h1 class=\"elementor-heading-title elementor-size-default\">Colofone<\/h1>\t\t<\/div>\n\t\t\t\t<\/div>\n\t\t\t\t\t<\/div>\n\t\t<\/div>\n\t\t\t\t\t<\/div>\n\t\t<\/section>\n\t\t\t\t<section class=\"elementor-section elementor-top-section elementor-element elementor-element-29835de elementor-section-full_width elementor-section-height-default elementor-section-height-default\" data-id=\"29835de\" data-element_type=\"section\" data-settings=\"{&quot;background_background&quot;:&quot;classic&quot;}\">\n\t\t\t\t\t\t<div class=\"elementor-container elementor-column-gap-no\">\n\t\t\t\t\t<div class=\"elementor-column elementor-col-100 elementor-top-column elementor-element elementor-element-35db52f\" data-id=\"35db52f\" data-element_type=\"column\">\n\t\t\t<div class=\"elementor-widget-wrap elementor-element-populated\">\n\t\t\t\t\t\t<div class=\"elementor-element elementor-element-353ac45 elementor-widget elementor-widget-text-editor\" data-id=\"353ac45\" data-element_type=\"widget\" data-widget_type=\"text-editor.default\">\n\t\t\t\t<div class=\"elementor-widget-container\">\n\t\t\t<style>\/*! elementor - v3.19.0 - 28-02-2024 *\/\n.elementor-widget-text-editor.elementor-drop-cap-view-stacked .elementor-drop-cap{background-color:#69727d;color:#fff}.elementor-widget-text-editor.elementor-drop-cap-view-framed .elementor-drop-cap{color:#69727d;border:3px solid;background-color:transparent}.elementor-widget-text-editor:not(.elementor-drop-cap-view-default) .elementor-drop-cap{margin-top:8px}.elementor-widget-text-editor:not(.elementor-drop-cap-view-default) .elementor-drop-cap-letter{width:1em;height:1em}.elementor-widget-text-editor .elementor-drop-cap{float:left;text-align:center;line-height:1;font-size:50px}.elementor-widget-text-editor .elementor-drop-cap-letter{display:inline-block}<\/style>\t\t\t\t<p>Lahneralm | Isabella P\u00f6der<br>Lerch 39<br>39040 Aldino (BZ)<br>Italia<\/p>\n<p>P.Iva\/MwSt.-Nr.: IT03105910214<br>codice fiscale: PDRSLL96T66A952K<\/p>\n<p>T +39 0471886778<br>E-Mail: <a href=\"mailto:lahneralm.aldein@gmail.com\">lahneralm.aldein@gmail.com<\/a><\/p>\n<p class=\" translation-block\">Crediti immagine<br>Questo sito web \u00e8 protetto da copyright. Tutti i loghi, testi, immagini, grafici, ecc. non possono essere adottati, riprodotti e\/o distribuiti senza l'espressa autorizzazione scritta dell'autore.<\/p>\n<p>Foto: Kathrin Obletter | <a href=\"https:\/\/www.kathrin-obletter.com\/\" target=\"_blank\" rel=\"noopener\">www.kathrin-obletter.com<\/a><\/p>\n<p class=\" translation-block\">Limitazione di responsabilit\u00e0<br>Il contenuto di questo sito web \u00e8 stato creato con la massima cura possibile. Tuttavia, il fornitore non si assume alcuna responsabilit\u00e0 per l'accuratezza, la completezza e l'attualit\u00e0 dei contenuti forniti. L'uso dei contenuti del sito web \u00e8 a rischio e pericolo dell'utente.<\/p>\n<p class=\" translation-block\">Link esterni<br>\nQuesto sito web contiene link a siti web di terzi (\"link esterni\"). Questi siti web sono soggetti alla responsabilit\u00e0 dei rispettivi operatori. Quando i link esterni sono stati creati per la prima volta, il fornitore ha controllato il contenuto esterno per qualsiasi violazione legale. In quel momento, nessuna violazione legale era evidente. Il fornitore non ha alcuna influenza sul design attuale e futuro e sul contenuto delle pagine collegate. L'inclusione di link esterni non implica che il fornitore adotti il contenuto dietro il riferimento o il link come proprio. Non \u00e8 ragionevole che il provider controlli costantemente i link esterni senza indicazioni concrete di violazioni legali. Tuttavia, se si viene a conoscenza di violazioni legali, tali link esterni saranno cancellati immediatamente.\n\nTradotto con www.DeepL.com\/Translator (versione gratuita)<\/p>\t\t\t\t\t\t<\/div>\n\t\t\t\t<\/div>\n\t\t\t\t\t<\/div>\n\t\t<\/div>\n\t\t\t\t\t<\/div>\n\t\t<\/section>\n\t\t\t\t<\/div>","protected":false},"excerpt":{"rendered":"<p>impressum Lahneralm | Isabella P\u00f6derLerch 3939040 Aldein (BZ)Italien P.Iva\/MwSt.-Nr.: IT03105910214Steuer-Nr.: PDRSLL96T66A952K T +39 0471886778E-Mail: lahneralm.aldein@gmail.com BildnachweiseDiese Website ist urheberrechtlich gesch\u00fctzt. Alle Logos, Texte, Bilder, Grafiken, etc. d\u00fcrfen nicht ohne ausdr\u00fcckliche schriftliche Genehmigung des Urhebers \u00fcbernommen, vervielf\u00e4ltigt und\/oder verbreitet werden. Fotos: Kathrin Obletter | www.kathrin-obletter.com Haftungsbeschr\u00e4nkungDie Inhalte dieser Website werden mit gr\u00f6\u00dftm\u00f6glicher Sorgfalt erstellt. Der Anbieter &hellip;<\/p>\n<p class=\"read-more\"> <a class=\"\" href=\"https:\/\/www.lahner-alm.com\/it\/impressum\/\"> <span class=\"screen-reader-text\">Impressum<\/span> Leggi altro &raquo;<\/a><\/p>","protected":false},"author":1,"featured_media":0,"parent":0,"menu_order":0,"comment_status":"closed","ping_status":"closed","template":"","meta":{"footnotes":""},"class_list":["post-150","page","type-page","status-publish","hentry"],"yoast_head":"<!-- This site is optimized with the Yoast SEO plugin v22.2 - https:\/\/yoast.com\/wordpress\/plugins\/seo\/ -->\n<title>Impressum | Lahneralm<\/title>\n<meta name=\"robots\" content=\"index, follow, max-snippet:-1, max-image-preview:large, max-video-preview:-1\" \/>\n<link rel=\"canonical\" href=\"https:\/\/www.lahner-alm.com\/it\/impressum\/\" \/>\n<meta property=\"og:locale\" content=\"it_IT\" \/>\n<meta property=\"og:type\" content=\"article\" \/>\n<meta property=\"og:title\" content=\"Impressum | Lahneralm\" \/>\n<meta property=\"og:description\" content=\"impressum Lahneralm | Isabella P\u00f6derLerch 3939040 Aldein (BZ)Italien P.Iva\/MwSt.-Nr.: IT03105910214Steuer-Nr.: PDRSLL96T66A952K T +39 0471886778E-Mail: lahneralm.aldein@gmail.com BildnachweiseDiese Website ist urheberrechtlich gesch\u00fctzt. Alle Logos, Texte, Bilder, Grafiken, etc. d\u00fcrfen nicht ohne ausdr\u00fcckliche schriftliche Genehmigung des Urhebers \u00fcbernommen, vervielf\u00e4ltigt und\/oder verbreitet werden. Fotos: Kathrin Obletter | www.kathrin-obletter.com Haftungsbeschr\u00e4nkungDie Inhalte dieser Website werden mit gr\u00f6\u00dftm\u00f6glicher Sorgfalt erstellt. Der Anbieter &hellip; Impressum Leggi altro &raquo;\" \/>\n<meta property=\"og:url\" content=\"https:\/\/www.lahner-alm.com\/it\/impressum\/\" \/>\n<meta property=\"og:site_name\" content=\"Lahneralm\" \/>\n<meta property=\"article:publisher\" content=\"https:\/\/www.facebook.com\/lahneralmaldein\" \/>\n<meta property=\"article:modified_time\" content=\"2021-08-25T20:29:26+00:00\" \/>\n<meta name=\"twitter:card\" content=\"summary_large_image\" \/>\n<meta name=\"twitter:label1\" content=\"Tempo di lettura stimato\" \/>\n\t<meta name=\"twitter:data1\" content=\"1 minuto\" \/>\n<script type=\"application\/ld+json\" class=\"yoast-schema-graph\">{\"@context\":\"https:\/\/schema.org\",\"@graph\":[{\"@type\":\"WebPage\",\"@id\":\"https:\/\/www.lahner-alm.com\/impressum\/\",\"url\":\"https:\/\/www.lahner-alm.com\/impressum\/\",\"name\":\"Impressum | Lahneralm\",\"isPartOf\":{\"@id\":\"https:\/\/www.lahner-alm.com\/#website\"},\"datePublished\":\"2021-05-11T05:33:17+00:00\",\"dateModified\":\"2021-08-25T20:29:26+00:00\",\"breadcrumb\":{\"@id\":\"https:\/\/www.lahner-alm.com\/impressum\/#breadcrumb\"},\"inLanguage\":\"it-IT\",\"potentialAction\":[{\"@type\":\"ReadAction\",\"target\":[\"https:\/\/www.lahner-alm.com\/impressum\/\"]}]},{\"@type\":\"BreadcrumbList\",\"@id\":\"https:\/\/www.lahner-alm.com\/impressum\/#breadcrumb\",\"itemListElement\":[{\"@type\":\"ListItem\",\"position\":1,\"name\":\"Startseite\",\"item\":\"https:\/\/www.lahner-alm.com\/\"},{\"@type\":\"ListItem\",\"position\":2,\"name\":\"Impressum\"}]},{\"@type\":\"WebSite\",\"@id\":\"https:\/\/www.lahner-alm.com\/#website\",\"url\":\"https:\/\/www.lahner-alm.com\/\",\"name\":\"Lahneralm\",\"description\":\"\",\"publisher\":{\"@id\":\"https:\/\/www.lahner-alm.com\/#organization\"},\"potentialAction\":[{\"@type\":\"SearchAction\",\"target\":{\"@type\":\"EntryPoint\",\"urlTemplate\":\"https:\/\/www.lahner-alm.com\/?s={search_term_string}\"},\"query-input\":\"required name=search_term_string\"}],\"inLanguage\":\"it-IT\"},{\"@type\":\"Organization\",\"@id\":\"https:\/\/www.lahner-alm.com\/#organization\",\"name\":\"Lahneralm\",\"url\":\"https:\/\/www.lahner-alm.com\/\",\"logo\":{\"@type\":\"ImageObject\",\"inLanguage\":\"it-IT\",\"@id\":\"https:\/\/www.lahner-alm.com\/#\/schema\/logo\/image\/\",\"url\":\"https:\/\/www.lahner-alm.com\/wp-content\/uploads\/2021\/08\/Logo_Lahneralm.svg\",\"contentUrl\":\"https:\/\/www.lahner-alm.com\/wp-content\/uploads\/2021\/08\/Logo_Lahneralm.svg\",\"width\":1,\"height\":1,\"caption\":\"Lahneralm\"},\"image\":{\"@id\":\"https:\/\/www.lahner-alm.com\/#\/schema\/logo\/image\/\"},\"sameAs\":[\"https:\/\/www.facebook.com\/lahneralmaldein\",\"https:\/\/www.instagram.com\/lahneralm_malga\/\"]}]}<\/script>\n<!-- \/ Yoast SEO plugin. -->","yoast_head_json":{"title":"Impressum | Lahneralm","robots":{"index":"index","follow":"follow","max-snippet":"max-snippet:-1","max-image-preview":"max-image-preview:large","max-video-preview":"max-video-preview:-1"},"canonical":"https:\/\/www.lahner-alm.com\/it\/impressum\/","og_locale":"it_IT","og_type":"article","og_title":"Impressum | Lahneralm","og_description":"impressum Lahneralm | Isabella P\u00f6derLerch 3939040 Aldein (BZ)Italien P.Iva\/MwSt.-Nr.: IT03105910214Steuer-Nr.: PDRSLL96T66A952K T +39 0471886778E-Mail: lahneralm.aldein@gmail.com BildnachweiseDiese Website ist urheberrechtlich gesch\u00fctzt. Alle Logos, Texte, Bilder, Grafiken, etc. d\u00fcrfen nicht ohne ausdr\u00fcckliche schriftliche Genehmigung des Urhebers \u00fcbernommen, vervielf\u00e4ltigt und\/oder verbreitet werden. Fotos: Kathrin Obletter | www.kathrin-obletter.com Haftungsbeschr\u00e4nkungDie Inhalte dieser Website werden mit gr\u00f6\u00dftm\u00f6glicher Sorgfalt erstellt. Der Anbieter &hellip; Impressum Leggi altro &raquo;","og_url":"https:\/\/www.lahner-alm.com\/it\/impressum\/","og_site_name":"Lahneralm","article_publisher":"https:\/\/www.facebook.com\/lahneralmaldein","article_modified_time":"2021-08-25T20:29:26+00:00","twitter_card":"summary_large_image","twitter_misc":{"Tempo di lettura stimato":"1 minuto"},"schema":{"@context":"https:\/\/schema.org","@graph":[{"@type":"WebPage","@id":"https:\/\/www.lahner-alm.com\/impressum\/","url":"https:\/\/www.lahner-alm.com\/impressum\/","name":"Impressum | Lahneralm","isPartOf":{"@id":"https:\/\/www.lahner-alm.com\/#website"},"datePublished":"2021-05-11T05:33:17+00:00","dateModified":"2021-08-25T20:29:26+00:00","breadcrumb":{"@id":"https:\/\/www.lahner-alm.com\/impressum\/#breadcrumb"},"inLanguage":"it-IT","potentialAction":[{"@type":"ReadAction","target":["https:\/\/www.lahner-alm.com\/impressum\/"]}]},{"@type":"BreadcrumbList","@id":"https:\/\/www.lahner-alm.com\/impressum\/#breadcrumb","itemListElement":[{"@type":"ListItem","position":1,"name":"Startseite","item":"https:\/\/www.lahner-alm.com\/"},{"@type":"ListItem","position":2,"name":"Impressum"}]},{"@type":"WebSite","@id":"https:\/\/www.lahner-alm.com\/#website","url":"https:\/\/www.lahner-alm.com\/","name":"Lahneralm","description":"","publisher":{"@id":"https:\/\/www.lahner-alm.com\/#organization"},"potentialAction":[{"@type":"SearchAction","target":{"@type":"EntryPoint","urlTemplate":"https:\/\/www.lahner-alm.com\/?s={search_term_string}"},"query-input":"required name=search_term_string"}],"inLanguage":"it-IT"},{"@type":"Organization","@id":"https:\/\/www.lahner-alm.com\/#organization","name":"Lahneralm","url":"https:\/\/www.lahner-alm.com\/","logo":{"@type":"ImageObject","inLanguage":"it-IT","@id":"https:\/\/www.lahner-alm.com\/#\/schema\/logo\/image\/","url":"https:\/\/www.lahner-alm.com\/wp-content\/uploads\/2021\/08\/Logo_Lahneralm.svg","contentUrl":"https:\/\/www.lahner-alm.com\/wp-content\/uploads\/2021\/08\/Logo_Lahneralm.svg","width":1,"height":1,"caption":"Lahneralm"},"image":{"@id":"https:\/\/www.lahner-alm.com\/#\/schema\/logo\/image\/"},"sameAs":["https:\/\/www.facebook.com\/lahneralmaldein","https:\/\/www.instagram.com\/lahneralm_malga\/"]}]}},"_links":{"self":[{"href":"https:\/\/www.lahner-alm.com\/it\/wp-json\/wp\/v2\/pages\/150","targetHints":{"allow":["GET"]}}],"collection":[{"href":"https:\/\/www.lahner-alm.com\/it\/wp-json\/wp\/v2\/pages"}],"about":[{"href":"https:\/\/www.lahner-alm.com\/it\/wp-json\/wp\/v2\/types\/page"}],"author":[{"embeddable":true,"href":"https:\/\/www.lahner-alm.com\/it\/wp-json\/wp\/v2\/users\/1"}],"replies":[{"embeddable":true,"href":"https:\/\/www.lahner-alm.com\/it\/wp-json\/wp\/v2\/comments?post=150"}],"version-history":[{"count":13,"href":"https:\/\/www.lahner-alm.com\/it\/wp-json\/wp\/v2\/pages\/150\/revisions"}],"predecessor-version":[{"id":682,"href":"https:\/\/www.lahner-alm.com\/it\/wp-json\/wp\/v2\/pages\/150\/revisions\/682"}],"wp:attachment":[{"href":"https:\/\/www.lahner-alm.com\/it\/wp-json\/wp\/v2\/media?parent=150"}],"curies":[{"name":"wp","href":"https:\/\/api.w.org\/{rel}","templated":true}]}}